{"id":11,"date":"2021-10-15T18:19:48","date_gmt":"2021-10-15T18:19:48","guid":{"rendered":"https:\/\/lolholm.dk\/?page_id=11"},"modified":"2022-11-16T18:49:09","modified_gmt":"2022-11-16T18:49:09","slug":"om","status":"publish","type":"page","link":"https:\/\/lolholm.dk\/?page_id=11","title":{"rendered":"Om Marianne"},"content":{"rendered":"\n<p>Denne side vil v\u00e6re om mig og mine interesser, samt historien om hvordan min familie fra min mors side fik navnet Lolholm.<\/p>\n\n\n\n<div class=\"wp-block-media-text is-stacked-on-mobile is-style-twentytwentyone-image-frame is-style-default\"><figure class=\"wp-block-media-text__media\"><img loading=\"lazy\" decoding=\"async\" width=\"816\" height=\"1024\" src=\"https:\/\/lolholm.dk\/wp-content\/uploads\/2022\/07\/Mlm_edited-816x1024.jpg\" alt=\"\" class=\"wp-image-37 size-full\" srcset=\"https:\/\/lolholm.dk\/wp-content\/uploads\/2022\/07\/Mlm_edited-816x1024.jpg 816w, https:\/\/lolholm.dk\/wp-content\/uploads\/2022\/07\/Mlm_edited-239x300.jpg 239w, https:\/\/lolholm.dk\/wp-content\/uploads\/2022\/07\/Mlm_edited-768x964.jpg 768w, https:\/\/lolholm.dk\/wp-content\/uploads\/2022\/07\/Mlm_edited-1224x1536.jpg 1224w, https:\/\/lolholm.dk\/wp-content\/uploads\/2022\/07\/Mlm_edited-1631x2048.jpg 1631w, https:\/\/lolholm.dk\/wp-content\/uploads\/2022\/07\/Mlm_edited-1568x1968.jpg 1568w, https:\/\/lolholm.dk\/wp-content\/uploads\/2022\/07\/Mlm_edited-scaled.jpg 2039w\" sizes=\"auto, (max-width: 816px) 100vw, 816px\" \/><\/figure><div class=\"wp-block-media-text__content\">\n<p>Mit navn er Marianne Lolholm M\u00f8ller, er f\u00f8dt i 1965 og er den \u00e6ldste ud af tre piger.<\/p>\n\n\n\n<p>Bor i Aalborg og bruger blandt andet min fritid til at g\u00e5 ture i naturen og byrummet, hvor jeg ofte tager billeder med enten kamera eller med min mobil.<\/p>\n<\/div><\/div>\n\n\n\n<p><\/p>\n\n\n\n<div class=\"wp-block-group alignwide\"><div class=\"wp-block-group__inner-container is-layout-flow wp-block-group-is-layout-flow\"><\/div><\/div>\n","protected":false},"excerpt":{"rendered":"<p>Denne side vil v\u00e6re om mig og mine interesser, samt historien om hvordan min familie fra min mors side fik navnet Lolholm. Mit navn er Marianne Lolholm M\u00f8ller, er f\u00f8dt i 1965 og er den \u00e6ldste ud af tre piger. Bor i Aalborg og bruger blandt andet min fritid til at g\u00e5 ture i naturen&hellip; <a class=\"more-link\" href=\"https:\/\/lolholm.dk\/?page_id=11\">L\u00e6s mere <span class=\"screen-reader-text\">Om Marianne<\/span><\/a><\/p>\n","protected":false},"author":1,"featured_media":0,"parent":10,"menu_order":2,"comment_status":"closed","ping_status":"closed","template":"","meta":{"footnotes":""},"class_list":["post-11","page","type-page","status-publish","hentry","entry"],"_links":{"self":[{"href":"https:\/\/lolholm.dk\/index.php?rest_route=\/wp\/v2\/pages\/11","targetHints":{"allow":["GET"]}}],"collection":[{"href":"https:\/\/lolholm.dk\/index.php?rest_route=\/wp\/v2\/pages"}],"about":[{"href":"https:\/\/lolholm.dk\/index.php?rest_route=\/wp\/v2\/types\/page"}],"author":[{"embeddable":true,"href":"https:\/\/lolholm.dk\/index.php?rest_route=\/wp\/v2\/users\/1"}],"replies":[{"embeddable":true,"href":"https:\/\/lolholm.dk\/index.php?rest_route=%2Fwp%2Fv2%2Fcomments&post=11"}],"version-history":[{"count":8,"href":"https:\/\/lolholm.dk\/index.php?rest_route=\/wp\/v2\/pages\/11\/revisions"}],"predecessor-version":[{"id":96,"href":"https:\/\/lolholm.dk\/index.php?rest_route=\/wp\/v2\/pages\/11\/revisions\/96"}],"up":[{"embeddable":true,"href":"https:\/\/lolholm.dk\/index.php?rest_route=\/wp\/v2\/pages\/10"}],"wp:attachment":[{"href":"https:\/\/lolholm.dk\/index.php?rest_route=%2Fwp%2Fv2%2Fmedia&parent=11"}],"curies":[{"name":"wp","href":"https:\/\/api.w.org\/{rel}","templated":true}]}}